{"id":1516,"date":"2024-11-14T21:28:23","date_gmt":"2024-11-14T20:28:23","guid":{"rendered":"https:\/\/majorospaloc.hu\/?page_id=1516"},"modified":"2025-02-24T01:13:21","modified_gmt":"2025-02-24T00:13:21","slug":"elementor-oldal-1516","status":"publish","type":"page","link":"https:\/\/majorospaloc.hu\/?page_id=1516","title":{"rendered":"Magamr\u00f3l"},"content":{"rendered":"\t\t<div data-elementor-type=\"wp-page\" data-elementor-id=\"1516\" class=\"elementor elementor-1516\">\n\t\t\t\t\t\t<section class=\"elementor-section elementor-top-section elementor-element elementor-element-fd2d72a elementor-section-boxed elementor-section-height-default elementor-section-height-default\" data-id=\"fd2d72a\" data-element_type=\"section\" data-e-type=\"section\">\n\t\t\t\t\t\t<div class=\"elementor-container elementor-column-gap-default\">\n\t\t\t\t\t<div class=\"elementor-column elementor-col-100 elementor-top-column elementor-element elementor-element-8a4c25b\" data-id=\"8a4c25b\" data-element_type=\"column\" data-e-type=\"column\">\n\t\t\t<div class=\"elementor-widget-wrap elementor-element-populated\">\n\t\t\t\t\t\t<div class=\"elementor-element elementor-element-f7cf9e0 elementor-widget elementor-widget-heading\" data-id=\"f7cf9e0\" data-element_type=\"widget\" data-e-type=\"widget\" data-widget_type=\"heading.default\">\n\t\t\t\t<div class=\"elementor-widget-container\">\n\t\t\t\t\t<h2 class=\"elementor-heading-title elementor-size-default\">Magamr\u00f3l\n\nSzegeden a J\u00f3zsef Attila Tudom\u00e1nyegyetemen v\u00e9geztem t\u00f6rt\u00e9nelem - francia szakon. Az egyetem elv\u00e9gz\u00e9se ut\u00e1n voltam  katona, tan\u00edtottam \u00e1ltal\u00e1nos- \u00e9s k\u00f6z\u00e9piskol\u00e1ban, voltam nevel\u0151tan\u00e1r, h\u00edrlap\u00edr\u00f3 \u00e9s r\u00e1di\u00f3riporter. Tan\u00edtottam a P\u00e9csi Tudom\u00e1nyegyetemen \u00e9s az ELTE-n. A 19-20. sz\u00e1zadi nemzetk\u00f6zi kapcsolatokat kutattam (f\u0151leg francia-orosz, szovjet \u00e9s francia-magyar kapcsolatok). Az ut\u00f3bbi id\u0151ben a pal\u00f3cokkal foglalkozom, s egy vaskos k\u00f6nyvet is \u00edrtam err\u0151l a k\u00fcl\u00f6n\u00f6s n\u00e9pr\u0151l. Sz\u00e1mos k\u00f6nyvet, tanulm\u00e1nyt publik\u00e1ltam magyarul, franci\u00e1ul, angolul, oroszul. \n<\/h2>\t\t\t\t<\/div>\n\t\t\t\t<\/div>\n\t\t\t\t\t<\/div>\n\t\t<\/div>\n\t\t\t\t\t<\/div>\n\t\t<\/section>\n\t\t\t\t<section class=\"elementor-section elementor-top-section elementor-element elementor-element-800a554 elementor-section-boxed elementor-section-height-default elementor-section-height-default\" data-id=\"800a554\" data-element_type=\"section\" data-e-type=\"section\">\n\t\t\t\t\t\t<div class=\"elementor-container elementor-column-gap-default\">\n\t\t\t\t\t<div class=\"elementor-column elementor-col-100 elementor-top-column elementor-element elementor-element-15fcecd\" data-id=\"15fcecd\" data-element_type=\"column\" data-e-type=\"column\">\n\t\t\t<div class=\"elementor-widget-wrap elementor-element-populated\">\n\t\t\t\t\t\t<div class=\"elementor-element elementor-element-a1f9b1e elementor-widget elementor-widget-text-editor\" data-id=\"a1f9b1e\" data-element_type=\"widget\" data-e-type=\"widget\" data-widget_type=\"text-editor.default\">\n\t\t\t\t<div class=\"elementor-widget-container\">\n\t\t\t\t\t\t\t\t\t<p><span style=\"color: #000000;\">T\u00f6rt\u00e9n\u00e9sz vagyok, az MTA doktora. Szegeden a J\u00f3zsef Attila Tudom\u00e1nyegyetem\u00a0 t\u00f6rt\u00e9nelem &#8211; francia szak\u00e1n v\u00e9geztem. Az egyetem el\u0151tt voltam katona, a diploma megszerz\u00e9se ut\u00e1n tan\u00edtottam \u00e1ltal\u00e1nos \u00e9s k\u00f6z\u00e9piskol\u00e1ban. Voltam h\u00edrlap\u00edr\u00f3 \u00e9s r\u00e1di\u00f3riporter. Tan\u00edtottam\u00a0 P\u00e9csett az egyetemen \u00e9s az ELTE-n. 19-20. sz\u00e1zadi diplom\u00e1ciat\u00f6rt\u00e9nettel, nemzetk\u00f6zi kapcsolatokkal foglalkoztam (f\u0151leg francia-orosz, szovjet, francia-magyar). Az ut\u00f3bbi id\u0151ben a pal\u00f3cokat kutattam \u00e9s egy vaskos k\u00f6nyvet \u00edrtam err\u0151l a k\u00fcl\u00f6n\u00f6s n\u00e9pr\u0151l. Sz\u00e1mos k\u00f6nyvet, tanulm\u00e1nyt publik\u00e1ltam magyarul, franci\u00e1ul, angolul \u00e9s oroszul. \u00c9s belek\u00f3stoltam a sz\u00e9pirodalomba is. Els\u0151 reg\u00e9nyem Az anarchista c\u00edmmel jelent meg.<\/span><\/p>\t\t\t\t\t\t\t\t<\/div>\n\t\t\t\t<\/div>\n\t\t\t\t\t<\/div>\n\t\t<\/div>\n\t\t\t\t\t<\/div>\n\t\t<\/section>\n\t\t\t\t<section class=\"elementor-section elementor-top-section elementor-element elementor-element-e101686 elementor-section-boxed elementor-section-height-default elementor-section-height-default\" data-id=\"e101686\" data-element_type=\"section\" data-e-type=\"section\">\n\t\t\t\t\t\t<div class=\"elementor-container elementor-column-gap-default\">\n\t\t\t\t\t<div class=\"elementor-column elementor-col-100 elementor-top-column elementor-element elementor-element-c27620f\" data-id=\"c27620f\" data-element_type=\"column\" data-e-type=\"column\">\n\t\t\t<div class=\"elementor-widget-wrap elementor-element-populated\">\n\t\t\t\t\t\t<div class=\"elementor-element elementor-element-d14a5b7 elementor-widget elementor-widget-image\" data-id=\"d14a5b7\" data-element_type=\"widget\" data-e-type=\"widget\" data-widget_type=\"image.default\">\n\t\t\t\t<div class=\"elementor-widget-container\">\n\t\t\t\t\t\t\t\t\t\t\t\t\t\t\t<img decoding=\"async\" src=\"https:\/\/majorospaloc.hu\/wp-content\/uploads\/elementor\/thumbs\/IMG_4211-2-01-plceenyiuo7ff3hw9udv63t5x2asi5rmm1rzedhjts.jpg\" title=\"IMG_4211 (2)-01\" alt=\"IMG_4211 (2)-01\" loading=\"lazy\" \/>\t\t\t\t\t\t\t\t\t\t\t\t\t\t\t<\/div>\n\t\t\t\t<\/div>\n\t\t\t\t\t<\/div>\n\t\t<\/div>\n\t\t\t\t\t<\/div>\n\t\t<\/section>\n\t\t\t\t<\/div>\n\t\t","protected":false},"excerpt":{"rendered":"<p>Magamr\u00f3l Szegeden a J\u00f3zsef Attila Tudom\u00e1nyegyetemen v\u00e9geztem t\u00f6rt\u00e9nelem &#8211; francia szakon. Az egyetem elv\u00e9gz\u00e9se ut\u00e1n voltam katona, tan\u00edtottam \u00e1ltal\u00e1nos- \u00e9s k\u00f6z\u00e9piskol\u00e1ban, voltam nevel\u0151tan\u00e1r, h\u00edrlap\u00edr\u00f3 \u00e9s r\u00e1di\u00f3riporter. Tan\u00edtottam a P\u00e9csi Tudom\u00e1nyegyetemen \u00e9s az ELTE-n. A 19-20. sz\u00e1zadi nemzetk\u00f6zi kapcsolatokat kutattam (f\u0151leg francia-orosz, szovjet \u00e9s francia-magyar kapcsolatok). Az ut\u00f3bbi id\u0151ben a pal\u00f3cokkal foglalkozom, s egy vaskos k\u00f6nyvet&hellip; <a class=\"more-link\" href=\"https:\/\/majorospaloc.hu\/?page_id=1516\"><span class=\"screen-reader-text\">Magamr\u00f3l<\/span> olvas\u00e1s\u00e1nak folytat\u00e1sa<\/a><\/p>\n","protected":false},"author":1,"featured_media":0,"parent":0,"menu_order":0,"comment_status":"closed","ping_status":"closed","template":"","meta":{"_bbp_topic_count":0,"_bbp_reply_count":0,"_bbp_total_topic_count":0,"_bbp_total_reply_count":0,"_bbp_voice_count":0,"_bbp_anonymous_reply_count":0,"_bbp_topic_count_hidden":0,"_bbp_reply_count_hidden":0,"_bbp_forum_subforum_count":0,"footnotes":""},"class_list":["post-1516","page","type-page","status-publish","hentry","entry"],"_links":{"self":[{"href":"https:\/\/majorospaloc.hu\/index.php?rest_route=\/wp\/v2\/pages\/1516","targetHints":{"allow":["GET"]}}],"collection":[{"href":"https:\/\/majorospaloc.hu\/index.php?rest_route=\/wp\/v2\/pages"}],"about":[{"href":"https:\/\/majorospaloc.hu\/index.php?rest_route=\/wp\/v2\/types\/page"}],"author":[{"embeddable":true,"href":"https:\/\/majorospaloc.hu\/index.php?rest_route=\/wp\/v2\/users\/1"}],"replies":[{"embeddable":true,"href":"https:\/\/majorospaloc.hu\/index.php?rest_route=%2Fwp%2Fv2%2Fcomments&post=1516"}],"version-history":[{"count":28,"href":"https:\/\/majorospaloc.hu\/index.php?rest_route=\/wp\/v2\/pages\/1516\/revisions"}],"predecessor-version":[{"id":1631,"href":"https:\/\/majorospaloc.hu\/index.php?rest_route=\/wp\/v2\/pages\/1516\/revisions\/1631"}],"wp:attachment":[{"href":"https:\/\/majorospaloc.hu\/index.php?rest_route=%2Fwp%2Fv2%2Fmedia&parent=1516"}],"curies":[{"name":"wp","href":"https:\/\/api.w.org\/{rel}","templated":true}]}}